{"id":828,"date":"2025-05-22T20:04:13","date_gmt":"2025-05-22T18:04:13","guid":{"rendered":"http:\/\/retrosolar.7punkt8preview.de\/referenzen-englisch\/"},"modified":"2025-08-06T15:03:02","modified_gmt":"2025-08-06T13:03:02","slug":"references","status":"publish","type":"page","link":"https:\/\/www.retrosolar.de\/en\/references\/","title":{"rendered":"References"},"content":{"rendered":"<div id=\"cs-content\" class=\"cs-content\"><\/div>\n","protected":false},"excerpt":{"rendered":"<p>Beijing, China Zurich, Switzerland Seoul, South Korea Sassuolo, Italy Paris, France Kuwait City, Kuwait LogIn, Krefeld Architect: Form A ArchitektenSCHOTT, Mainz Architect: JSK-Architekten: Joachim LepperKVWL, Dortmund Architect: SSP, Sch\u00fcrmannSpannel AG, BochumRathscheck, Mayen-Katzenberg Architect: Thomas Koch, RengsdorfCapricorn, M\u00f6nchengladbach Architect: Gatermann+Schossig, K\u00f6lnDWI Leibniz Institut, RWTH Aachen Architect: Thomas Koch, RengsdorfAirport City \u2013 BOB AG, D\u00fcsseldorf Architect: Chapman Taylor, D\u00fcsseldorfBOB AG, Hannover Fischerhof &#8230; <\/p>\n<div><a href=\"https:\/\/www.retrosolar.de\/en\/references\/\" class=\"more-link\">Read More<\/a><\/div>\n","protected":false},"author":1,"featured_media":0,"parent":0,"menu_order":2,"comment_status":"closed","ping_status":"closed","template":"template-blank-4.php","meta":{"_acf_changed":false,"inline_featured_image":false,"footnotes":""},"class_list":["post-828","page","type-page","status-publish","hentry","no-post-thumbnail"],"acf":[],"yoast_head":"<!-- This site is optimized with the Yoast SEO plugin v26.0 - https:\/\/yoast.com\/wordpress\/plugins\/seo\/ -->\n<title>References | RETROSolar<\/title>\n<meta name=\"description\" content=\"Witness the application of our cutting-edge technology in real-world construction. Click here to explore a selection of projects.\" \/>\n<meta name=\"robots\" content=\"index, follow, max-snippet:-1, max-image-preview:large, max-video-preview:-1\" \/>\n<link rel=\"canonical\" href=\"https:\/\/www.retrosolar.de\/en\/references\/\" \/>\n<meta property=\"og:locale\" content=\"en_US\" \/>\n<meta property=\"og:type\" content=\"article\" \/>\n<meta property=\"og:title\" content=\"References | RETROSolar\" \/>\n<meta property=\"og:description\" content=\"Witness the application of our cutting-edge technology in real-world construction. Click here to explore a selection of projects.\" \/>\n<meta property=\"og:url\" content=\"https:\/\/www.retrosolar.de\/en\/references\/\" \/>\n<meta property=\"og:site_name\" content=\"RETROSolar\" \/>\n<meta property=\"article:modified_time\" content=\"2025-08-06T13:03:02+00:00\" \/>\n<meta property=\"og:image\" content=\"https:\/\/www.retrosolar.de\/wp-content\/uploads\/2025\/08\/screenshot.webp\" \/>\n\t<meta property=\"og:image:width\" content=\"1200\" \/>\n\t<meta property=\"og:image:height\" content=\"671\" \/>\n\t<meta property=\"og:image:type\" content=\"image\/webp\" \/>\n<meta name=\"twitter:card\" content=\"summary_large_image\" \/>\n<meta name=\"twitter:label1\" content=\"Est. reading time\" \/>\n\t<meta name=\"twitter:data1\" content=\"8 minutes\" \/>\n<script type=\"application\/ld+json\" class=\"yoast-schema-graph\">{\"@context\":\"https:\/\/schema.org\",\"@graph\":[{\"@type\":\"WebPage\",\"@id\":\"https:\/\/www.retrosolar.de\/en\/references\/\",\"url\":\"https:\/\/www.retrosolar.de\/en\/references\/\",\"name\":\"References | RETROSolar\",\"isPartOf\":{\"@id\":\"https:\/\/www.retrosolar.de\/en\/#website\"},\"datePublished\":\"2025-05-22T18:04:13+00:00\",\"dateModified\":\"2025-08-06T13:03:02+00:00\",\"description\":\"Witness the application of our cutting-edge technology in real-world construction. Click here to explore a selection of projects.\",\"breadcrumb\":{\"@id\":\"https:\/\/www.retrosolar.de\/en\/references\/#breadcrumb\"},\"inLanguage\":\"en-US\",\"potentialAction\":[{\"@type\":\"ReadAction\",\"target\":[\"https:\/\/www.retrosolar.de\/en\/references\/\"]}]},{\"@type\":\"BreadcrumbList\",\"@id\":\"https:\/\/www.retrosolar.de\/en\/references\/#breadcrumb\",\"itemListElement\":[{\"@type\":\"ListItem\",\"position\":1,\"name\":\"Startseite\",\"item\":\"https:\/\/www.retrosolar.de\/en\/\"},{\"@type\":\"ListItem\",\"position\":2,\"name\":\"References\"}]},{\"@type\":\"WebSite\",\"@id\":\"https:\/\/www.retrosolar.de\/en\/#website\",\"url\":\"https:\/\/www.retrosolar.de\/en\/\",\"name\":\"RETROSolar\",\"description\":\"\",\"publisher\":{\"@id\":\"https:\/\/www.retrosolar.de\/en\/#organization\"},\"potentialAction\":[{\"@type\":\"SearchAction\",\"target\":{\"@type\":\"EntryPoint\",\"urlTemplate\":\"https:\/\/www.retrosolar.de\/en\/?s={search_term_string}\"},\"query-input\":{\"@type\":\"PropertyValueSpecification\",\"valueRequired\":true,\"valueName\":\"search_term_string\"}}],\"inLanguage\":\"en-US\"},{\"@type\":\"Organization\",\"@id\":\"https:\/\/www.retrosolar.de\/en\/#organization\",\"name\":\"RETROSolar\",\"url\":\"https:\/\/www.retrosolar.de\/en\/\",\"logo\":{\"@type\":\"ImageObject\",\"inLanguage\":\"en-US\",\"@id\":\"https:\/\/www.retrosolar.de\/en\/#\/schema\/logo\/image\/\",\"url\":\"https:\/\/www.retrosolar.de\/wp-content\/uploads\/2025\/05\/retrosolar_logo_farbig.svg\",\"contentUrl\":\"https:\/\/www.retrosolar.de\/wp-content\/uploads\/2025\/05\/retrosolar_logo_farbig.svg\",\"width\":100,\"height\":100,\"caption\":\"RETROSolar\"},\"image\":{\"@id\":\"https:\/\/www.retrosolar.de\/en\/#\/schema\/logo\/image\/\"}}]}<\/script>\n<!-- \/ Yoast SEO plugin. -->","yoast_head_json":{"title":"References | RETROSolar","description":"Witness the application of our cutting-edge technology in real-world construction. Click here to explore a selection of projects.","robots":{"index":"index","follow":"follow","max-snippet":"max-snippet:-1","max-image-preview":"max-image-preview:large","max-video-preview":"max-video-preview:-1"},"canonical":"https:\/\/www.retrosolar.de\/en\/references\/","og_locale":"en_US","og_type":"article","og_title":"References | RETROSolar","og_description":"Witness the application of our cutting-edge technology in real-world construction. Click here to explore a selection of projects.","og_url":"https:\/\/www.retrosolar.de\/en\/references\/","og_site_name":"RETROSolar","article_modified_time":"2025-08-06T13:03:02+00:00","og_image":[{"width":1200,"height":671,"url":"https:\/\/www.retrosolar.de\/wp-content\/uploads\/2025\/08\/screenshot.webp","type":"image\/webp"}],"twitter_card":"summary_large_image","twitter_misc":{"Est. reading time":"8 minutes"},"schema":{"@context":"https:\/\/schema.org","@graph":[{"@type":"WebPage","@id":"https:\/\/www.retrosolar.de\/en\/references\/","url":"https:\/\/www.retrosolar.de\/en\/references\/","name":"References | RETROSolar","isPartOf":{"@id":"https:\/\/www.retrosolar.de\/en\/#website"},"datePublished":"2025-05-22T18:04:13+00:00","dateModified":"2025-08-06T13:03:02+00:00","description":"Witness the application of our cutting-edge technology in real-world construction. Click here to explore a selection of projects.","breadcrumb":{"@id":"https:\/\/www.retrosolar.de\/en\/references\/#breadcrumb"},"inLanguage":"en-US","potentialAction":[{"@type":"ReadAction","target":["https:\/\/www.retrosolar.de\/en\/references\/"]}]},{"@type":"BreadcrumbList","@id":"https:\/\/www.retrosolar.de\/en\/references\/#breadcrumb","itemListElement":[{"@type":"ListItem","position":1,"name":"Startseite","item":"https:\/\/www.retrosolar.de\/en\/"},{"@type":"ListItem","position":2,"name":"References"}]},{"@type":"WebSite","@id":"https:\/\/www.retrosolar.de\/en\/#website","url":"https:\/\/www.retrosolar.de\/en\/","name":"RETROSolar","description":"","publisher":{"@id":"https:\/\/www.retrosolar.de\/en\/#organization"},"potentialAction":[{"@type":"SearchAction","target":{"@type":"EntryPoint","urlTemplate":"https:\/\/www.retrosolar.de\/en\/?s={search_term_string}"},"query-input":{"@type":"PropertyValueSpecification","valueRequired":true,"valueName":"search_term_string"}}],"inLanguage":"en-US"},{"@type":"Organization","@id":"https:\/\/www.retrosolar.de\/en\/#organization","name":"RETROSolar","url":"https:\/\/www.retrosolar.de\/en\/","logo":{"@type":"ImageObject","inLanguage":"en-US","@id":"https:\/\/www.retrosolar.de\/en\/#\/schema\/logo\/image\/","url":"https:\/\/www.retrosolar.de\/wp-content\/uploads\/2025\/05\/retrosolar_logo_farbig.svg","contentUrl":"https:\/\/www.retrosolar.de\/wp-content\/uploads\/2025\/05\/retrosolar_logo_farbig.svg","width":100,"height":100,"caption":"RETROSolar"},"image":{"@id":"https:\/\/www.retrosolar.de\/en\/#\/schema\/logo\/image\/"}}]}},"_links":{"self":[{"href":"https:\/\/www.retrosolar.de\/en\/wp-json\/wp\/v2\/pages\/828","targetHints":{"allow":["GET"]}}],"collection":[{"href":"https:\/\/www.retrosolar.de\/en\/wp-json\/wp\/v2\/pages"}],"about":[{"href":"https:\/\/www.retrosolar.de\/en\/wp-json\/wp\/v2\/types\/page"}],"author":[{"embeddable":true,"href":"https:\/\/www.retrosolar.de\/en\/wp-json\/wp\/v2\/users\/1"}],"replies":[{"embeddable":true,"href":"https:\/\/www.retrosolar.de\/en\/wp-json\/wp\/v2\/comments?post=828"}],"version-history":[{"count":15,"href":"https:\/\/www.retrosolar.de\/en\/wp-json\/wp\/v2\/pages\/828\/revisions"}],"predecessor-version":[{"id":949,"href":"https:\/\/www.retrosolar.de\/en\/wp-json\/wp\/v2\/pages\/828\/revisions\/949"}],"wp:attachment":[{"href":"https:\/\/www.retrosolar.de\/en\/wp-json\/wp\/v2\/media?parent=828"}],"curies":[{"name":"wp","href":"https:\/\/api.w.org\/{rel}","templated":true}]}}